{"id":111,"date":"2025-09-02T16:03:03","date_gmt":"2025-09-02T14:03:03","guid":{"rendered":"https:\/\/wurstbraterei-hutt.de\/?page_id=111"},"modified":"2025-09-02T16:08:31","modified_gmt":"2025-09-02T14:08:31","slug":"elementor-111","status":"publish","type":"page","link":"https:\/\/wurstbraterei-hutt.de\/?page_id=111","title":{"rendered":"Datenschutz"},"content":{"rendered":"\t\t<div data-elementor-type=\"wp-page\" data-elementor-id=\"111\" class=\"elementor elementor-111\">\n\t\t\t\t<div class=\"elementor-element elementor-element-e01b81d e-flex e-con-boxed e-con e-parent\" data-id=\"e01b81d\" data-element_type=\"container\">\n\t\t\t\t\t<div class=\"e-con-inner\">\n\t\t\t\t<div class=\"elementor-element elementor-element-daadf26 elementor-widget elementor-widget-text-editor\" data-id=\"daadf26\" data-element_type=\"widget\" data-widget_type=\"text-editor.default\">\n\t\t\t\t\t\t\t\t\t<p data-start=\"301\" data-end=\"574\"><strong data-start=\"301\" data-end=\"316\">Datenschutz<\/strong><br data-start=\"316\" data-end=\"319\" \/>Wir nehmen den Schutz Ihrer pers\u00f6nlichen Daten sehr ernst. Personenbezogene Daten werden auf dieser Website nur im technisch notwendigen Umfang erhoben. In keinem Fall werden die erhobenen Daten verkauft oder aus anderen Gr\u00fcnden an Dritte weitergegeben.<\/p><p data-start=\"576\" data-end=\"698\"><strong data-start=\"576\" data-end=\"594\">Verantwortlich<\/strong><br data-start=\"594\" data-end=\"597\" \/>Imbiss-Stand Hans-Wurst-L\u00e4dle<br data-start=\"626\" data-end=\"629\" \/>Hans Hutt und Thomas Hutt GbR<br data-start=\"658\" data-end=\"661\" \/>Kirchhofstra\u00dfe 7\/1<br data-start=\"679\" data-end=\"682\" \/>70734 Fellbach<\/p><p data-start=\"700\" data-end=\"847\"><strong data-start=\"700\" data-end=\"739\">Erhebung und Verarbeitung von Daten<\/strong><br data-start=\"739\" data-end=\"742\" \/>Beim Aufruf unserer Website werden automatisch Informationen durch den Webserver erfasst. Dazu geh\u00f6ren:<\/p><ul data-start=\"848\" data-end=\"1020\"><li data-start=\"848\" data-end=\"875\"><p data-start=\"850\" data-end=\"875\">Browsertyp und -version<\/p><\/li><li data-start=\"876\" data-end=\"906\"><p data-start=\"878\" data-end=\"906\">verwendetes Betriebssystem<\/p><\/li><li data-start=\"907\" data-end=\"950\"><p data-start=\"909\" data-end=\"950\">Referrer URL (die zuvor besuchte Seite)<\/p><\/li><li data-start=\"951\" data-end=\"990\"><p data-start=\"953\" data-end=\"990\">IP-Adresse des anfragenden Rechners<\/p><\/li><li data-start=\"991\" data-end=\"1020\"><p data-start=\"993\" data-end=\"1020\">Uhrzeit der Serveranfrage<\/p><\/li><\/ul><p data-start=\"1022\" data-end=\"1179\">Diese Daten sind technisch notwendig, um die Website korrekt anzuzeigen. Eine Zusammenf\u00fchrung dieser Daten mit anderen Datenquellen wird nicht vorgenommen.<\/p><p data-start=\"1181\" data-end=\"1239\"><strong data-start=\"1181\" data-end=\"1192\">Cookies<\/strong><br data-start=\"1192\" data-end=\"1195\" \/>Diese Website verwendet <strong data-start=\"1219\" data-end=\"1236\">keine Cookies<\/strong>.<\/p><p data-start=\"1241\" data-end=\"1416\"><strong data-start=\"1241\" data-end=\"1260\">Externe Dienste<\/strong><br data-start=\"1260\" data-end=\"1263\" \/>Es werden <strong data-start=\"1273\" data-end=\"1319\">keine Analyse-Tools (wie Google Analytics)<\/strong> und keine externen Dienste (z. B. Social Media Plugins, Google Fonts, Google Maps) eingesetzt.<\/p><p data-start=\"1418\" data-end=\"1571\"><strong data-start=\"1418\" data-end=\"1437\">Kontaktaufnahme<\/strong><br data-start=\"1437\" data-end=\"1440\" \/>Eine direkte Kontaktaufnahme \u00fcber diese Website ist nicht m\u00f6glich. Bitte verwenden Sie die im Impressum angegebenen Kontaktdaten.<\/p><p data-start=\"1573\" data-end=\"1847\"><strong data-start=\"1573\" data-end=\"1608\">Rechte der betroffenen Personen<\/strong><br data-start=\"1608\" data-end=\"1611\" \/>Sie haben jederzeit das Recht auf Auskunft \u00fcber die zu Ihrer Person gespeicherten Daten, deren Herkunft und Empf\u00e4nger sowie den Zweck der Speicherung. Au\u00dferdem haben Sie das Recht auf Berichtigung, Sperrung oder L\u00f6schung dieser Daten.<\/p><p data-start=\"1849\" data-end=\"1988\"><strong data-start=\"1849\" data-end=\"1884\">Ansprechpartner f\u00fcr Datenschutz<\/strong><br data-start=\"1884\" data-end=\"1887\" \/>Imbiss-Stand Hans-Wurst-L\u00e4dle<br data-start=\"1916\" data-end=\"1919\" \/>Hans Hutt und Thomas Hutt GbR<br data-start=\"1948\" data-end=\"1951\" \/>Kirchhofstra\u00dfe 7\/1<br data-start=\"1969\" data-end=\"1972\" \/>70734 Fellbach<\/p><h6><strong>\u00a0<\/strong><\/h6>\t\t\t\t\t\t\t\t<\/div>\n\t\t\t\t\t<\/div>\n\t\t\t\t<\/div>\n\t\t\t\t<\/div>\n\t\t","protected":false},"excerpt":{"rendered":"<p>DatenschutzWir nehmen den Schutz Ihrer pers\u00f6nlichen Daten sehr ernst. Personenbezogene Daten werden auf dieser Website nur im technisch notwendigen Umfang erhoben. In keinem Fall werden die erhobenen Daten verkauft oder aus anderen Gr\u00fcnden an Dritte weitergegeben. VerantwortlichImbiss-Stand Hans-Wurst-L\u00e4dleHans Hutt und Thomas Hutt GbRKirchhofstra\u00dfe 7\/170734 Fellbach Erhebung und Verarbeitung von DatenBeim Aufruf unserer Website werden automatisch &#8230; <a title=\"Datenschutz\" class=\"read-more\" href=\"https:\/\/wurstbraterei-hutt.de\/?page_id=111\" aria-label=\"Mehr Informationen \u00fcber Datenschutz\">Weiterlesen<\/a><\/p>\n","protected":false},"author":1,"featured_media":0,"parent":0,"menu_order":0,"comment_status":"closed","ping_status":"closed","template":"elementor_canvas","meta":{"footnotes":""},"class_list":["post-111","page","type-page","status-publish"],"_links":{"self":[{"href":"https:\/\/wurstbraterei-hutt.de\/index.php?rest_route=\/wp\/v2\/pages\/111","targetHints":{"allow":["GET"]}}],"collection":[{"href":"https:\/\/wurstbraterei-hutt.de\/index.php?rest_route=\/wp\/v2\/pages"}],"about":[{"href":"https:\/\/wurstbraterei-hutt.de\/index.php?rest_route=\/wp\/v2\/types\/page"}],"author":[{"embeddable":true,"href":"https:\/\/wurstbraterei-hutt.de\/index.php?rest_route=\/wp\/v2\/users\/1"}],"replies":[{"embeddable":true,"href":"https:\/\/wurstbraterei-hutt.de\/index.php?rest_route=%2Fwp%2Fv2%2Fcomments&post=111"}],"version-history":[{"count":7,"href":"https:\/\/wurstbraterei-hutt.de\/index.php?rest_route=\/wp\/v2\/pages\/111\/revisions"}],"predecessor-version":[{"id":118,"href":"https:\/\/wurstbraterei-hutt.de\/index.php?rest_route=\/wp\/v2\/pages\/111\/revisions\/118"}],"wp:attachment":[{"href":"https:\/\/wurstbraterei-hutt.de\/index.php?rest_route=%2Fwp%2Fv2%2Fmedia&parent=111"}],"curies":[{"name":"wp","href":"https:\/\/api.w.org\/{rel}","templated":true}]}}