{"id":77,"date":"2025-09-02T15:51:10","date_gmt":"2025-09-02T13:51:10","guid":{"rendered":"https:\/\/wurstbraterei-hutt.de\/?page_id=77"},"modified":"2025-09-02T15:56:38","modified_gmt":"2025-09-02T13:56:38","slug":"impressum","status":"publish","type":"page","link":"https:\/\/wurstbraterei-hutt.de\/?page_id=77","title":{"rendered":"Impressum"},"content":{"rendered":"\t\t<div data-elementor-type=\"wp-page\" data-elementor-id=\"77\" class=\"elementor elementor-77\">\n\t\t\t\t<div class=\"elementor-element elementor-element-44441e9 e-flex e-con-boxed e-con e-parent\" data-id=\"44441e9\" data-element_type=\"container\">\n\t\t\t\t\t<div class=\"e-con-inner\">\n\t\t\t\t<div class=\"elementor-element elementor-element-3e91c7d elementor-widget elementor-widget-text-editor\" data-id=\"3e91c7d\" data-element_type=\"widget\" data-widget_type=\"text-editor.default\">\n\t\t\t\t\t\t\t\t\t<h2 data-start=\"203\" data-end=\"221\"><strong data-start=\"208\" data-end=\"221\">Impressum<\/strong><\/h2>\n<p><strong data-start=\"223\" data-end=\"248\">Angaben gem\u00e4\u00df \u00a7 5 TMG<\/strong><\/p>\n<p>Imbiss-Stand Hans-Wurst-L\u00e4dle<br data-start=\"281\" data-end=\"284\">Gesellschaft b\u00fcrgerlichen Rechts (GbR)<br data-start=\"322\" data-end=\"325\">Hans Hutt und Thomas Hutt<br data-start=\"350\" data-end=\"353\">Kirchhofstra\u00dfe 7\/1<br data-start=\"371\" data-end=\"374\">70734 Fellbach<br data-start=\"388\" data-end=\"391\">Deutschland<\/p>\n<p><strong data-start=\"406\" data-end=\"418\">Kontakt:<\/strong><br data-start=\"418\" data-end=\"421\">Telefon: +49 163 3662162&nbsp;<br data-start=\"455\" data-end=\"458\">E-Mail: service(at)wurstbraterei-hutt.de<\/p>\n<p><strong data-start=\"507\" data-end=\"549\">Vertretungsberechtigte Gesellschafter:<\/strong><br data-start=\"549\" data-end=\"552\">Hans Hutt<br data-start=\"561\" data-end=\"564\">Thomas Hutt<\/p>\n<h6 data-start=\"649\" data-end=\"805\"><strong data-start=\"649\" data-end=\"705\">Verantwortlich f\u00fcr den Inhalt nach \u00a7 55 Abs. 2 MStV:<\/strong><br data-start=\"705\" data-end=\"708\">Imbiss-Stand Hans-Wurst-L\u00e4dle<br data-start=\"737\" data-end=\"740\">Hans Hutt und Thomas Hutt<br data-start=\"765\" data-end=\"768\">Kirchhofstra\u00dfe 7\/1<br data-start=\"786\" data-end=\"789\">70734 Fellbach<\/h6>\n<hr data-start=\"807\" data-end=\"810\">\n<h6 data-start=\"812\" data-end=\"954\"><strong data-start=\"812\" data-end=\"853\">Technische Betreuung &amp; Domaininhaber:<\/strong><br data-start=\"853\" data-end=\"856\">Andy<br data-start=\"867\" data-end=\"870\">E-Mail: razzmadazz(at)googlemail.com<\/h6>\n<hr data-start=\"956\" data-end=\"959\">\n<h6 data-start=\"961\" data-end=\"1160\"><strong data-start=\"961\" data-end=\"984\">Haftung f\u00fcr Inhalte<\/strong><br data-start=\"984\" data-end=\"987\">Die Inhalte unserer Seiten wurden mit gr\u00f6\u00dfter Sorgfalt erstellt. F\u00fcr die Richtigkeit, Vollst\u00e4ndigkeit und Aktualit\u00e4t der Inhalte k\u00f6nnen wir jedoch keine Gew\u00e4hr \u00fcbernehmen.<\/h6>\n<p><strong data-start=\"1162\" data-end=\"1183\">Haftung f\u00fcr Links<\/strong><br data-start=\"1183\" data-end=\"1186\">Unser Angebot enth\u00e4lt Links zu externen Websites Dritter, auf deren Inhalte wir keinen Einfluss haben. Deshalb k\u00f6nnen wir f\u00fcr diese fremden Inhalte auch keine Gew\u00e4hr \u00fcbernehmen. F\u00fcr die Inhalte der verlinkten Seiten ist stets der jeweilige Anbieter oder Betreiber verantwortlich.<\/p>\n<p><strong data-start=\"1469\" data-end=\"1485\">Urheberrecht<\/strong><br data-start=\"1485\" data-end=\"1488\">Die durch die Seitenbetreiber erstellten Inhalte und Werke auf diesen Seiten unterliegen dem deutschen Urheberrecht.<\/p>\t\t\t\t\t\t\t\t<\/div>\n\t\t\t\t\t<\/div>\n\t\t\t\t<\/div>\n\t\t\t\t<\/div>\n\t\t","protected":false},"excerpt":{"rendered":"<p>Impressum Angaben gem\u00e4\u00df \u00a7 5 TMG Imbiss-Stand Hans-Wurst-L\u00e4dleGesellschaft b\u00fcrgerlichen Rechts (GbR)Hans Hutt und Thomas HuttKirchhofstra\u00dfe 7\/170734 FellbachDeutschland Kontakt:Telefon: +49 163 3662162&nbsp;E-Mail: service(at)wurstbraterei-hutt.de Vertretungsberechtigte Gesellschafter:Hans HuttThomas Hutt Verantwortlich f\u00fcr den Inhalt nach \u00a7 55 Abs. 2 MStV:Imbiss-Stand Hans-Wurst-L\u00e4dleHans Hutt und Thomas HuttKirchhofstra\u00dfe 7\/170734 Fellbach Technische Betreuung &amp; Domaininhaber:AndyE-Mail: razzmadazz(at)googlemail.com Haftung f\u00fcr InhalteDie Inhalte unserer Seiten wurden &#8230; <a title=\"Impressum\" class=\"read-more\" href=\"https:\/\/wurstbraterei-hutt.de\/?page_id=77\" aria-label=\"Mehr Informationen \u00fcber Impressum\">Weiterlesen<\/a><\/p>\n","protected":false},"author":1,"featured_media":0,"parent":0,"menu_order":0,"comment_status":"closed","ping_status":"closed","template":"elementor_canvas","meta":{"footnotes":""},"class_list":["post-77","page","type-page","status-publish"],"_links":{"self":[{"href":"https:\/\/wurstbraterei-hutt.de\/index.php?rest_route=\/wp\/v2\/pages\/77","targetHints":{"allow":["GET"]}}],"collection":[{"href":"https:\/\/wurstbraterei-hutt.de\/index.php?rest_route=\/wp\/v2\/pages"}],"about":[{"href":"https:\/\/wurstbraterei-hutt.de\/index.php?rest_route=\/wp\/v2\/types\/page"}],"author":[{"embeddable":true,"href":"https:\/\/wurstbraterei-hutt.de\/index.php?rest_route=\/wp\/v2\/users\/1"}],"replies":[{"embeddable":true,"href":"https:\/\/wurstbraterei-hutt.de\/index.php?rest_route=%2Fwp%2Fv2%2Fcomments&post=77"}],"version-history":[{"count":5,"href":"https:\/\/wurstbraterei-hutt.de\/index.php?rest_route=\/wp\/v2\/pages\/77\/revisions"}],"predecessor-version":[{"id":106,"href":"https:\/\/wurstbraterei-hutt.de\/index.php?rest_route=\/wp\/v2\/pages\/77\/revisions\/106"}],"wp:attachment":[{"href":"https:\/\/wurstbraterei-hutt.de\/index.php?rest_route=%2Fwp%2Fv2%2Fmedia&parent=77"}],"curies":[{"name":"wp","href":"https:\/\/api.w.org\/{rel}","templated":true}]}}